{"id":37,"date":"2025-06-24T15:57:15","date_gmt":"2025-06-24T13:57:15","guid":{"rendered":"https:\/\/www.cognacathle.com\/?page_id=37"},"modified":"2025-07-30T15:05:02","modified_gmt":"2025-07-30T13:05:02","slug":"presentation-du-club","status":"publish","type":"page","link":"https:\/\/www.cognacathle.com\/?page_id=37","title":{"rendered":"Pr\u00e9sentation du club"},"content":{"rendered":"\n<div class=\"wp-block-cover alignfull is-light\" style=\"padding-top:17%;padding-bottom:3rem;min-height:485px;aspect-ratio:unset;\"><img loading=\"lazy\" decoding=\"async\" width=\"1024\" height=\"534\" class=\"wp-block-cover__image-background wp-image-14 size-large\" alt=\"\" src=\"https:\/\/www.cognacathle.com\/wp-content\/uploads\/2025\/06\/Capture-decran-2025-06-24-a-15.23.47-1024x534.png\" data-object-fit=\"cover\" srcset=\"https:\/\/www.cognacathle.com\/wp-content\/uploads\/2025\/06\/Capture-decran-2025-06-24-a-15.23.47-1024x534.png 1024w, https:\/\/www.cognacathle.com\/wp-content\/uploads\/2025\/06\/Capture-decran-2025-06-24-a-15.23.47-300x156.png 300w, https:\/\/www.cognacathle.com\/wp-content\/uploads\/2025\/06\/Capture-decran-2025-06-24-a-15.23.47-768x400.png 768w, https:\/\/www.cognacathle.com\/wp-content\/uploads\/2025\/06\/Capture-decran-2025-06-24-a-15.23.47-1536x800.png 1536w, https:\/\/www.cognacathle.com\/wp-content\/uploads\/2025\/06\/Capture-decran-2025-06-24-a-15.23.47-2048x1067.png 2048w\" sizes=\"auto, (max-width: 1024px) 100vw, 1024px\" \/><span aria-hidden=\"true\" class=\"wp-block-cover__background has-background-dim-0 has-background-dim\" style=\"background-color:#9b9da5\"><\/span><div class=\"wp-block-cover__inner-container has-global-padding is-layout-constrained wp-container-core-cover-is-layout-29287ccd wp-block-cover-is-layout-constrained\">\n<p class=\"has-text-align-center has-large-font-size\"><\/p>\n<\/div><\/div>\n\n\n\n<section class=\"wp-block-group alignfull has-global-padding is-layout-constrained wp-container-core-group-is-layout-05455e64 wp-block-group-is-layout-constrained\" style=\"margin-top:0px;padding-top:6rem;padding-right:1rem;padding-bottom:4.5rem;padding-left:1rem;font-size:clamp(0.875rem, 0.875rem + ((1vw - 0.2rem) * 0.464), 1.13rem);font-style:normal;font-weight:400;line-height:1.4\">\n<div class=\"wp-block-columns is-layout-flex wp-container-core-columns-is-layout-2e7296b4 wp-block-columns-is-layout-flex\" style=\"margin-bottom:0px\">\n<div class=\"wp-block-column is-vertically-aligned-center is-layout-flow wp-block-column-is-layout-flow\" style=\"padding-right:1rem;padding-left:1rem;flex-basis:35%\">\n<figure class=\"wp-block-image aligncenter size-full is-resized\"><img loading=\"lazy\" decoding=\"async\" width=\"1080\" height=\"1080\" src=\"https:\/\/www.cognacathle.com\/wp-content\/uploads\/2025\/06\/image8.jpg\" alt=\"\" class=\"wp-image-9\" style=\"width:350px\" srcset=\"https:\/\/www.cognacathle.com\/wp-content\/uploads\/2025\/06\/image8.jpg 1080w, https:\/\/www.cognacathle.com\/wp-content\/uploads\/2025\/06\/image8-300x300.jpg 300w, https:\/\/www.cognacathle.com\/wp-content\/uploads\/2025\/06\/image8-1024x1024.jpg 1024w, https:\/\/www.cognacathle.com\/wp-content\/uploads\/2025\/06\/image8-150x150.jpg 150w, https:\/\/www.cognacathle.com\/wp-content\/uploads\/2025\/06\/image8-768x768.jpg 768w\" sizes=\"auto, (max-width: 1080px) 100vw, 1080px\" \/><\/figure>\n<\/div>\n\n\n\n<div class=\"wp-block-column has-global-padding is-layout-constrained wp-container-core-column-is-layout-b4ec969c wp-block-column-is-layout-constrained\" style=\"padding-top:2.01rem\">\n<p class=\"has-text-align-center\"><strong>Le Cognac Athl\u00e9tique Club, c&rsquo;est plus qu&rsquo;un simple club : c&rsquo;est une communaut\u00e9 unie par la passion de l\u2019athl\u00e9tisme, o\u00f9 chaque membre trouve soutien et encouragement. Rejoignez-nous pour c\u00e9l\u00e9brer ces 40 ann\u00e9es de succ\u00e8s et continuer \u00e0 \u00e9crire l&rsquo;histoire de notre club ensemble !<\/strong><\/p>\n<\/div>\n<\/div>\n<\/section>\n\n\n\n<div class=\"wp-block-cover alignfull is-light\"><img loading=\"lazy\" decoding=\"async\" width=\"700\" height=\"328\" class=\"wp-block-cover__image-background wp-image-142 size-full\" alt=\"\" src=\"https:\/\/www.cognacathle.com\/wp-content\/uploads\/2025\/07\/simple-light-red-gradient-banner-background_1898808.jpgbw700.jpeg\" data-object-fit=\"cover\" srcset=\"https:\/\/www.cognacathle.com\/wp-content\/uploads\/2025\/07\/simple-light-red-gradient-banner-background_1898808.jpgbw700.jpeg 700w, https:\/\/www.cognacathle.com\/wp-content\/uploads\/2025\/07\/simple-light-red-gradient-banner-background_1898808.jpgbw700-300x141.jpeg 300w\" sizes=\"auto, (max-width: 700px) 100vw, 700px\" \/><span aria-hidden=\"true\" class=\"wp-block-cover__background has-background-dim-0 has-background-dim\" style=\"background-color:#f6a6a4\"><\/span><div class=\"wp-block-cover__inner-container has-global-padding is-layout-constrained wp-block-cover-is-layout-constrained\">\n<section class=\"wp-block-group alignfull has-global-padding is-layout-constrained wp-container-core-group-is-layout-cfb15881 wp-block-group-is-layout-constrained\" style=\"margin-top:0px;padding-top:4.01rem;padding-right:1rem;padding-bottom:5.01rem;padding-left:1rem;font-size:clamp(0.875rem, 0.875rem + ((1vw - 0.2rem) * 0.464), 1.13rem);font-style:normal;font-weight:400;line-height:1.4\">\n<div class=\"wp-block-columns is-layout-flex wp-container-core-columns-is-layout-a86bf794 wp-block-columns-is-layout-flex\" style=\"margin-bottom:0px\">\n<div class=\"wp-block-column has-global-padding is-layout-constrained wp-container-core-column-is-layout-b4ec969c wp-block-column-is-layout-constrained\" style=\"padding-top:2.01rem\">\n<p>Rejoignez notre club d\u2019athl\u00e9tisme et d\u00e9couvrez un large choix de cr\u00e9neaux et d\u2019activit\u00e9s pour pratiquer votre passion dans un cadre convivial et stimulant.<\/p>\n\n\n\n<p>**Nos cr\u00e9neaux et activit\u00e9s :**<\/p>\n\n\n\n<p>&#8211; **Baby athl\u00e9tisme** : Initiation ludique pour les plus jeunes.<\/p>\n\n\n\n<p>&#8211; **\u00c9cole d&rsquo;\u00e9veil athl\u00e9tique\/ Poussins** : Des activit\u00e9s adapt\u00e9es pour d\u00e9velopper les comp\u00e9tences motrices.<\/p>\n\n\n\n<p>&#8211; Benjamins\/Minimes** : Entra\u00eenements sp\u00e9cialis\u00e9s pour les jeunes athl\u00e8tes.<\/p>\n\n\n\n<p>&#8211; **Section sportive** : Un accompagnement avec des interventions en coll\u00e8ge et lyc\u00e9e.<\/p>\n\n\n\n<p>&#8211; **Running et Trails** : Pour les amateurs de course \u00e0 pied, en milieu urbain ou nature.<\/p>\n\n\n\n<p>&#8211; **Loisirs** : Des sessions adapt\u00e9es \u00e0 ceux qui souhaitent pratiquer \u00e0 leur rythme.<\/p>\n\n\n\n<p>&#8211; **Marche nordique** : Une activit\u00e9 de plein air accessible \u00e0 tous<\/p>\n\n\n\n<p>&#8212; **Groupe comp\u00e9tition** : Sprint, saut, lancers, demi-fond, toutes les disciplines pour performer.<\/p>\n<\/div>\n\n\n\n<div class=\"wp-block-column is-vertically-aligned-center is-layout-flow wp-block-column-is-layout-flow\" style=\"padding-right:1rem;padding-left:1rem;flex-basis:40%\">\n<figure class=\"wp-block-image aligncenter size-full is-resized\"><img loading=\"lazy\" decoding=\"async\" width=\"2560\" height=\"1707\" src=\"https:\/\/www.cognacathle.com\/wp-content\/uploads\/2025\/06\/54433746510_5d3cab88ef_o-scaled.jpg\" alt=\"\" class=\"wp-image-63\" style=\"width:450px\" srcset=\"https:\/\/www.cognacathle.com\/wp-content\/uploads\/2025\/06\/54433746510_5d3cab88ef_o-scaled.jpg 2560w, https:\/\/www.cognacathle.com\/wp-content\/uploads\/2025\/06\/54433746510_5d3cab88ef_o-300x200.jpg 300w, https:\/\/www.cognacathle.com\/wp-content\/uploads\/2025\/06\/54433746510_5d3cab88ef_o-1024x683.jpg 1024w, https:\/\/www.cognacathle.com\/wp-content\/uploads\/2025\/06\/54433746510_5d3cab88ef_o-768x512.jpg 768w, https:\/\/www.cognacathle.com\/wp-content\/uploads\/2025\/06\/54433746510_5d3cab88ef_o-1536x1024.jpg 1536w, https:\/\/www.cognacathle.com\/wp-content\/uploads\/2025\/06\/54433746510_5d3cab88ef_o-2048x1365.jpg 2048w\" sizes=\"auto, (max-width: 2560px) 100vw, 2560px\" \/><\/figure>\n<\/div>\n<\/div>\n<\/section>\n<\/div><\/div>\n\n\n\n<div class=\"wp-block-cover alignfull is-light\" style=\"padding-top:3.51rem;padding-right:0px;padding-bottom:2.01rem;padding-left:0px;min-height:474px;aspect-ratio:unset;\"><span aria-hidden=\"true\" class=\"wp-block-cover__background has-background-dim-100 has-background-dim\" style=\"background-color:#fff3ea\"><\/span><div class=\"wp-block-cover__inner-container is-layout-flow wp-block-cover-is-layout-flow\">\n<div class=\"wp-block-group alignfull is-layout-flow wp-block-group-is-layout-flow\" style=\"margin-top:0px;margin-bottom:0px;padding-top:0rem;padding-right:1px;padding-bottom:2.01rem;padding-left:1px\">\n<div class=\"wp-block-columns alignfull is-layout-flex wp-container-core-columns-is-layout-35290b6f wp-block-columns-is-layout-flex\" style=\"padding-top:0rem\">\n<div class=\"wp-block-column is-layout-flow wp-block-column-is-layout-flow\" style=\"padding-top:1rem;padding-right:0rem;padding-bottom:1rem;padding-left:0rem\">\n<div class=\"wp-block-cover is-light\" style=\"padding-right:0.51rem;padding-left:0.51rem;min-height:390px;aspect-ratio:unset;\"><img loading=\"lazy\" decoding=\"async\" width=\"1024\" height=\"768\" class=\"wp-block-cover__image-background wp-image-53 size-large\" alt=\"\" src=\"https:\/\/www.cognacathle.com\/wp-content\/uploads\/2025\/06\/IMG_7210-1024x768.jpeg\" data-object-fit=\"cover\" srcset=\"https:\/\/www.cognacathle.com\/wp-content\/uploads\/2025\/06\/IMG_7210-1024x768.jpeg 1024w, https:\/\/www.cognacathle.com\/wp-content\/uploads\/2025\/06\/IMG_7210-300x225.jpeg 300w, https:\/\/www.cognacathle.com\/wp-content\/uploads\/2025\/06\/IMG_7210-768x576.jpeg 768w, https:\/\/www.cognacathle.com\/wp-content\/uploads\/2025\/06\/IMG_7210-1536x1152.jpeg 1536w, https:\/\/www.cognacathle.com\/wp-content\/uploads\/2025\/06\/IMG_7210-2048x1536.jpeg 2048w\" sizes=\"auto, (max-width: 1024px) 100vw, 1024px\" \/><span aria-hidden=\"true\" class=\"wp-block-cover__background has-background-dim-0 has-background-dim\" style=\"background-color:#9d9ca5\"><\/span><div class=\"wp-block-cover__inner-container has-global-padding is-layout-constrained wp-container-core-cover-is-layout-1a3bd245 wp-block-cover-is-layout-constrained\">\n<p class=\"has-text-align-center has-large-font-size\"><\/p>\n<\/div><\/div>\n<\/div>\n\n\n\n<div class=\"wp-block-column is-layout-flow wp-block-column-is-layout-flow\" style=\"padding-top:1rem;padding-right:0rem;padding-bottom:1rem;padding-left:0rem\">\n<div class=\"wp-block-cover is-light\" style=\"padding-right:0.51rem;padding-left:0.51rem;min-height:390px;aspect-ratio:unset;\"><img loading=\"lazy\" decoding=\"async\" width=\"1024\" height=\"683\" class=\"wp-block-cover__image-background wp-image-54 size-large\" alt=\"\" src=\"https:\/\/www.cognacathle.com\/wp-content\/uploads\/2025\/06\/IMG_4803-1024x683.jpeg\" data-object-fit=\"cover\" srcset=\"https:\/\/www.cognacathle.com\/wp-content\/uploads\/2025\/06\/IMG_4803-1024x683.jpeg 1024w, https:\/\/www.cognacathle.com\/wp-content\/uploads\/2025\/06\/IMG_4803-300x200.jpeg 300w, https:\/\/www.cognacathle.com\/wp-content\/uploads\/2025\/06\/IMG_4803-768x512.jpeg 768w, https:\/\/www.cognacathle.com\/wp-content\/uploads\/2025\/06\/IMG_4803-1536x1024.jpeg 1536w, https:\/\/www.cognacathle.com\/wp-content\/uploads\/2025\/06\/IMG_4803-2048x1365.jpeg 2048w\" sizes=\"auto, (max-width: 1024px) 100vw, 1024px\" \/><span aria-hidden=\"true\" class=\"wp-block-cover__background has-background-dim-0 has-background-dim\" style=\"background-color:#b1a0a4\"><\/span><div class=\"wp-block-cover__inner-container has-global-padding is-layout-constrained wp-container-core-cover-is-layout-1a3bd245 wp-block-cover-is-layout-constrained\">\n<p class=\"has-text-align-center has-large-font-size\"><\/p>\n<\/div><\/div>\n<\/div>\n\n\n\n<div class=\"wp-block-column is-layout-flow wp-block-column-is-layout-flow\" style=\"padding-top:1rem;padding-right:0rem;padding-bottom:1rem;padding-left:0rem\">\n<div class=\"wp-block-cover is-light\" style=\"padding-right:0.51rem;padding-left:0.51rem;min-height:390px;aspect-ratio:unset;\"><img loading=\"lazy\" decoding=\"async\" width=\"1024\" height=\"768\" class=\"wp-block-cover__image-background wp-image-55 size-large\" alt=\"\" src=\"https:\/\/www.cognacathle.com\/wp-content\/uploads\/2025\/06\/cae86a90-7d20-4bff-a93d-e038d48f50e3-1024x768.jpeg\" data-object-fit=\"cover\" srcset=\"https:\/\/www.cognacathle.com\/wp-content\/uploads\/2025\/06\/cae86a90-7d20-4bff-a93d-e038d48f50e3-1024x768.jpeg 1024w, https:\/\/www.cognacathle.com\/wp-content\/uploads\/2025\/06\/cae86a90-7d20-4bff-a93d-e038d48f50e3-300x225.jpeg 300w, https:\/\/www.cognacathle.com\/wp-content\/uploads\/2025\/06\/cae86a90-7d20-4bff-a93d-e038d48f50e3-768x576.jpeg 768w, https:\/\/www.cognacathle.com\/wp-content\/uploads\/2025\/06\/cae86a90-7d20-4bff-a93d-e038d48f50e3-1536x1152.jpeg 1536w, https:\/\/www.cognacathle.com\/wp-content\/uploads\/2025\/06\/cae86a90-7d20-4bff-a93d-e038d48f50e3.jpeg 1600w\" sizes=\"auto, (max-width: 1024px) 100vw, 1024px\" \/><span aria-hidden=\"true\" class=\"wp-block-cover__background has-background-dim-0 has-background-dim\" style=\"background-color:#95898e\"><\/span><div class=\"wp-block-cover__inner-container has-global-padding is-layout-constrained wp-container-core-cover-is-layout-1a3bd245 wp-block-cover-is-layout-constrained\">\n<p class=\"has-text-align-center has-large-font-size\"><\/p>\n<\/div><\/div>\n<\/div>\n\n\n\n<div class=\"wp-block-column is-layout-flow wp-block-column-is-layout-flow\" style=\"padding-top:1rem;padding-right:0rem;padding-bottom:1rem;padding-left:0rem\">\n<div class=\"wp-block-cover is-light\" style=\"padding-right:0.51rem;padding-left:0.51rem;min-height:390px;aspect-ratio:unset;\"><img loading=\"lazy\" decoding=\"async\" width=\"1024\" height=\"659\" class=\"wp-block-cover__image-background wp-image-56 size-large\" alt=\"\" src=\"https:\/\/www.cognacathle.com\/wp-content\/uploads\/2025\/06\/IMG_6526-1024x659.jpeg\" data-object-fit=\"cover\" srcset=\"https:\/\/www.cognacathle.com\/wp-content\/uploads\/2025\/06\/IMG_6526-1024x659.jpeg 1024w, https:\/\/www.cognacathle.com\/wp-content\/uploads\/2025\/06\/IMG_6526-300x193.jpeg 300w, https:\/\/www.cognacathle.com\/wp-content\/uploads\/2025\/06\/IMG_6526-768x494.jpeg 768w, https:\/\/www.cognacathle.com\/wp-content\/uploads\/2025\/06\/IMG_6526.jpeg 1170w\" sizes=\"auto, (max-width: 1024px) 100vw, 1024px\" \/><span aria-hidden=\"true\" class=\"wp-block-cover__background has-background-dim-0 has-background-dim\" style=\"background-color:#bbaeb3\"><\/span><div class=\"wp-block-cover__inner-container has-global-padding is-layout-constrained wp-container-core-cover-is-layout-1a3bd245 wp-block-cover-is-layout-constrained\">\n<p class=\"has-text-align-center has-large-font-size\"><\/p>\n<\/div><\/div>\n<\/div>\n<\/div>\n<\/div>\n<\/div><\/div>\n\n\n\n<section class=\"wp-block-group alignfull has-global-padding is-layout-constrained wp-container-core-group-is-layout-c209c421 wp-block-group-is-layout-constrained\" style=\"margin-top:0px;padding-top:2.51rem;padding-right:1rem;padding-bottom:5.5rem;padding-left:1rem;font-size:clamp(0.875rem, 0.875rem + ((1vw - 0.2rem) * 0.464), 1.13rem);font-style:normal;font-weight:400;line-height:1.4\">\n<div class=\"wp-block-group has-global-padding is-layout-constrained wp-container-core-group-is-layout-1c2ac5aa wp-block-group-is-layout-constrained\">\n<div class=\"wp-block-columns is-layout-flex wp-container-core-columns-is-layout-a92febb2 wp-block-columns-is-layout-flex\" style=\"margin-top:2.51rem;margin-bottom:0px\">\n<div class=\"wp-block-column has-global-padding is-layout-constrained wp-container-core-column-is-layout-d3a624d8 wp-block-column-is-layout-constrained\" style=\"padding-top:0px;padding-bottom:0px;padding-left:0rem\">\n<div class=\"wp-block-group has-text-color has-background is-vertical is-content-justification-center is-layout-flex wp-container-core-group-is-layout-e18aa4d6 wp-block-group-is-layout-flex\" style=\"color:#fffffd;background-color:#fffffd;padding-top:0px;padding-right:0px;padding-bottom:0px;padding-left:0px\">\n<figure class=\"wp-block-image size-full is-resized\"><img loading=\"lazy\" decoding=\"async\" width=\"1170\" height=\"1091\" src=\"https:\/\/www.cognacathle.com\/wp-content\/uploads\/2025\/06\/IMG_7213.jpeg\" alt=\"\" class=\"wp-image-58\" style=\"width:390px;height:auto\" srcset=\"https:\/\/www.cognacathle.com\/wp-content\/uploads\/2025\/06\/IMG_7213.jpeg 1170w, https:\/\/www.cognacathle.com\/wp-content\/uploads\/2025\/06\/IMG_7213-300x280.jpeg 300w, https:\/\/www.cognacathle.com\/wp-content\/uploads\/2025\/06\/IMG_7213-1024x955.jpeg 1024w, https:\/\/www.cognacathle.com\/wp-content\/uploads\/2025\/06\/IMG_7213-768x716.jpeg 768w\" sizes=\"auto, (max-width: 1170px) 100vw, 1170px\" \/><\/figure>\n<\/div>\n\n\n\n<p>Octobre<\/p>\n\n\n\n<p>Les 10km de Grands Cognac  <\/p>\n<\/div>\n\n\n\n<div class=\"wp-block-column has-global-padding is-layout-constrained wp-container-core-column-is-layout-d3a624d8 wp-block-column-is-layout-constrained\" style=\"padding-top:0px;padding-bottom:0px;padding-left:0rem\">\n<div class=\"wp-block-group has-text-color has-background is-vertical is-content-justification-center is-layout-flex wp-container-core-group-is-layout-e18aa4d6 wp-block-group-is-layout-flex\" style=\"color:#fffffd;background-color:#fffffd;padding-top:0px;padding-right:0px;padding-bottom:0px;padding-left:0px\">\n<figure class=\"wp-block-image size-full is-resized\"><img loading=\"lazy\" decoding=\"async\" width=\"1082\" height=\"698\" src=\"https:\/\/www.cognacathle.com\/wp-content\/uploads\/2025\/06\/IMG_7215.jpeg\" alt=\"\" class=\"wp-image-59\" style=\"width:563px;height:auto\" srcset=\"https:\/\/www.cognacathle.com\/wp-content\/uploads\/2025\/06\/IMG_7215.jpeg 1082w, https:\/\/www.cognacathle.com\/wp-content\/uploads\/2025\/06\/IMG_7215-300x194.jpeg 300w, https:\/\/www.cognacathle.com\/wp-content\/uploads\/2025\/06\/IMG_7215-1024x661.jpeg 1024w, https:\/\/www.cognacathle.com\/wp-content\/uploads\/2025\/06\/IMG_7215-768x495.jpeg 768w\" sizes=\"auto, (max-width: 1082px) 100vw, 1082px\" \/><\/figure>\n<\/div>\n\n\n\n<p>Janvier<\/p>\n\n\n\n<p>1\/2 finales de Cross <\/p>\n<\/div>\n<\/div>\n\n\n\n<p><\/p>\n\n\n\n<div class=\"wp-block-columns is-layout-flex wp-container-core-columns-is-layout-a535e673 wp-block-columns-is-layout-flex\" style=\"margin-bottom:0px\">\n<div class=\"wp-block-column has-global-padding is-layout-constrained wp-container-core-column-is-layout-d3a624d8 wp-block-column-is-layout-constrained\" style=\"padding-top:0px;padding-bottom:0px;padding-left:0rem\">\n<div class=\"wp-block-group has-text-color has-background is-vertical is-content-justification-center is-layout-flex wp-container-core-group-is-layout-e18aa4d6 wp-block-group-is-layout-flex\" style=\"color:#fffffd;background-color:#fffffd;padding-top:0px;padding-right:0px;padding-bottom:0px;padding-left:0px\">\n<figure class=\"wp-block-image size-full is-resized\"><img loading=\"lazy\" decoding=\"async\" width=\"1170\" height=\"1476\" src=\"https:\/\/www.cognacathle.com\/wp-content\/uploads\/2025\/06\/IMG_7214.jpeg\" alt=\"\" class=\"wp-image-60\" style=\"width:356px;height:auto\" srcset=\"https:\/\/www.cognacathle.com\/wp-content\/uploads\/2025\/06\/IMG_7214.jpeg 1170w, https:\/\/www.cognacathle.com\/wp-content\/uploads\/2025\/06\/IMG_7214-238x300.jpeg 238w, https:\/\/www.cognacathle.com\/wp-content\/uploads\/2025\/06\/IMG_7214-812x1024.jpeg 812w, https:\/\/www.cognacathle.com\/wp-content\/uploads\/2025\/06\/IMG_7214-768x969.jpeg 768w\" sizes=\"auto, (max-width: 1170px) 100vw, 1170px\" \/><\/figure>\n<\/div>\n\n\n\n<p>Mai <\/p>\n\n\n\n<p>Meeting du 1er Mai <\/p>\n<\/div>\n\n\n\n<div class=\"wp-block-column has-global-padding is-layout-constrained wp-container-core-column-is-layout-d3a624d8 wp-block-column-is-layout-constrained\" style=\"padding-top:0px;padding-bottom:0px;padding-left:0rem\">\n<div class=\"wp-block-group has-text-color has-background is-vertical is-content-justification-center is-layout-flex wp-container-core-group-is-layout-e18aa4d6 wp-block-group-is-layout-flex\" style=\"color:#fffffd;background-color:#fffffd;padding-top:0px;padding-right:0px;padding-bottom:0px;padding-left:0px\">\n<figure class=\"wp-block-image size-full is-resized\"><img loading=\"lazy\" decoding=\"async\" width=\"1170\" height=\"1491\" src=\"https:\/\/www.cognacathle.com\/wp-content\/uploads\/2025\/06\/IMG_7216.jpeg\" alt=\"\" class=\"wp-image-61\" style=\"width:352px;height:auto\" srcset=\"https:\/\/www.cognacathle.com\/wp-content\/uploads\/2025\/06\/IMG_7216.jpeg 1170w, https:\/\/www.cognacathle.com\/wp-content\/uploads\/2025\/06\/IMG_7216-235x300.jpeg 235w, https:\/\/www.cognacathle.com\/wp-content\/uploads\/2025\/06\/IMG_7216-804x1024.jpeg 804w, https:\/\/www.cognacathle.com\/wp-content\/uploads\/2025\/06\/IMG_7216-768x979.jpeg 768w\" sizes=\"auto, (max-width: 1170px) 100vw, 1170px\" \/><\/figure>\n<\/div>\n\n\n\n<p>Avril <\/p>\n\n\n\n<p>Les championnats organis\u00e9s sur la piste d\u2019athletisme<\/p>\n<\/div>\n\n\n\n<div class=\"wp-block-column has-global-padding is-layout-constrained wp-container-core-column-is-layout-d3a624d8 wp-block-column-is-layout-constrained\" style=\"padding-top:0px;padding-bottom:0px;padding-left:0rem\">\n<div class=\"wp-block-group has-text-color has-background is-vertical is-content-justification-center is-layout-flex wp-container-core-group-is-layout-e18aa4d6 wp-block-group-is-layout-flex\" style=\"color:#fffffd;background-color:#fffffd;padding-top:0px;padding-right:0px;padding-bottom:0px;padding-left:0px\">\n<figure class=\"wp-block-image size-full is-resized\"><img loading=\"lazy\" decoding=\"async\" width=\"1536\" height=\"2048\" src=\"https:\/\/www.cognacathle.com\/wp-content\/uploads\/2025\/06\/bec23ca6-22c8-4780-b401-6e4e3bdd532f.jpeg\" alt=\"\" class=\"wp-image-62\" style=\"width:338px;height:auto\" srcset=\"https:\/\/www.cognacathle.com\/wp-content\/uploads\/2025\/06\/bec23ca6-22c8-4780-b401-6e4e3bdd532f.jpeg 1536w, https:\/\/www.cognacathle.com\/wp-content\/uploads\/2025\/06\/bec23ca6-22c8-4780-b401-6e4e3bdd532f-225x300.jpeg 225w, https:\/\/www.cognacathle.com\/wp-content\/uploads\/2025\/06\/bec23ca6-22c8-4780-b401-6e4e3bdd532f-768x1024.jpeg 768w, https:\/\/www.cognacathle.com\/wp-content\/uploads\/2025\/06\/bec23ca6-22c8-4780-b401-6e4e3bdd532f-1152x1536.jpeg 1152w\" sizes=\"auto, (max-width: 1536px) 100vw, 1536px\" \/><\/figure>\n<\/div>\n\n\n\n<p>Gala du Cognac AC <\/p>\n<\/div>\n<\/div>\n<\/div>\n<\/section>\n\n\n\n<div class=\"wp-block-group alignfull has-global-padding is-layout-constrained wp-container-core-group-is-layout-3c77c8a4 wp-block-group-is-layout-constrained\" style=\"padding-top:3.51rem;padding-right:1.01rem;padding-bottom:5.01rem;padding-left:1.01rem\">\n<p>Cette ann\u00e9e, le Cognac Athl\u00e9tique Club c\u00e9l\u00e8bre fi\u00e8rement ses **40 ans** d&rsquo;existence ! Depuis sa cr\u00e9ation, le club s&rsquo;est engag\u00e9 \u00e0 promouvoir l&rsquo;athl\u00e9tisme aupr\u00e8s d&rsquo;un large public, f\u00e9d\u00e9rant aujourd&rsquo;hui **390 licenci\u00e9s** de tous \u00e2ges et de tous niveaux.<\/p>\n<\/div>\n\n\n\n<section class=\"wp-block-cover alignfull\" style=\"margin-top:0px;padding-top:1.01rem;padding-bottom:1.01rem;min-height:430px;aspect-ratio:unset;\"><img loading=\"lazy\" decoding=\"async\" width=\"1024\" height=\"768\" class=\"wp-block-cover__image-background wp-image-57 size-large\" alt=\"\" src=\"https:\/\/www.cognacathle.com\/wp-content\/uploads\/2025\/06\/IMG_5551-1024x768.jpeg\" data-object-fit=\"cover\" srcset=\"https:\/\/www.cognacathle.com\/wp-content\/uploads\/2025\/06\/IMG_5551-1024x768.jpeg 1024w, https:\/\/www.cognacathle.com\/wp-content\/uploads\/2025\/06\/IMG_5551-300x225.jpeg 300w, https:\/\/www.cognacathle.com\/wp-content\/uploads\/2025\/06\/IMG_5551-768x576.jpeg 768w, https:\/\/www.cognacathle.com\/wp-content\/uploads\/2025\/06\/IMG_5551-1536x1152.jpeg 1536w, https:\/\/www.cognacathle.com\/wp-content\/uploads\/2025\/06\/IMG_5551-2048x1536.jpeg 2048w\" sizes=\"auto, (max-width: 1024px) 100vw, 1024px\" \/><span aria-hidden=\"true\" class=\"wp-block-cover__background has-background-dim-0 has-background-dim\" style=\"background-color:#edf1f2\"><\/span><div class=\"wp-block-cover__inner-container has-global-padding is-layout-constrained wp-container-core-cover-is-layout-b1bebcb3 wp-block-cover-is-layout-constrained\">\n<div class=\"wp-block-group has-text-color is-layout-flow wp-block-group-is-layout-flow\" style=\"color:#fffffd;margin-top:0px;padding-top:0rem;padding-right:1rem;padding-bottom:0rem;padding-left:1rem;font-size:clamp(0.875rem, 0.875rem + ((1vw - 0.2rem) * 0.464), 1.13rem);font-style:normal;font-weight:400;line-height:1.4\">\n<div class=\"wp-block-group is-vertical is-content-justification-stretch is-layout-flex wp-container-core-group-is-layout-bfdebe91 wp-block-group-is-layout-flex\" style=\"margin-top:1.81rem;padding-right:0px;padding-left:0px\">\n<div class=\"wp-block-group has-global-padding is-content-justification-center is-layout-constrained wp-container-core-group-is-layout-2f0bcb29 wp-block-group-is-layout-constrained\" style=\"margin-top:0px\">\n<div class=\"wp-block-buttons is-horizontal is-content-justification-right is-layout-flex wp-container-core-buttons-is-layout-099266fd wp-block-buttons-is-layout-flex\" style=\"margin-top:0.51rem\"><\/div>\n<\/div>\n<\/div>\n<\/div>\n\n\n\n<p class=\"has-text-align-center\"><strong>Le Cognac AC vous accueille en semaine du lundi au vendredi sur la piste !<\/strong><\/p>\n<\/div><\/section>\n\n\n\n<p><\/p>\n","protected":false},"excerpt":{"rendered":"<p>Le Cognac Athl\u00e9tique Club, c&rsquo;est plus qu&rsquo;un simple club : c&rsquo;est une communaut\u00e9 unie par la passion de l\u2019athl\u00e9tisme, o\u00f9 chaque membre trouve soutien et encouragement. Rejoignez-nous pour c\u00e9l\u00e9brer ces 40 ann\u00e9es de succ\u00e8s et continuer \u00e0 \u00e9crire l&rsquo;histoire de notre club ensemble ! Octobre Les 10km de Grands Cognac Janvier 1\/2 finales de Cross [&hellip;]<\/p>\n","protected":false},"author":1,"featured_media":0,"parent":0,"menu_order":0,"comment_status":"closed","ping_status":"closed","template":"","meta":{"_eb_attr":"","footnotes":""},"class_list":["post-37","page","type-page","status-publish","hentry"],"_links":{"self":[{"href":"https:\/\/www.cognacathle.com\/index.php?rest_route=\/wp\/v2\/pages\/37","targetHints":{"allow":["GET"]}}],"collection":[{"href":"https:\/\/www.cognacathle.com\/index.php?rest_route=\/wp\/v2\/pages"}],"about":[{"href":"https:\/\/www.cognacathle.com\/index.php?rest_route=\/wp\/v2\/types\/page"}],"author":[{"embeddable":true,"href":"https:\/\/www.cognacathle.com\/index.php?rest_route=\/wp\/v2\/users\/1"}],"replies":[{"embeddable":true,"href":"https:\/\/www.cognacathle.com\/index.php?rest_route=%2Fwp%2Fv2%2Fcomments&post=37"}],"version-history":[{"count":6,"href":"https:\/\/www.cognacathle.com\/index.php?rest_route=\/wp\/v2\/pages\/37\/revisions"}],"predecessor-version":[{"id":143,"href":"https:\/\/www.cognacathle.com\/index.php?rest_route=\/wp\/v2\/pages\/37\/revisions\/143"}],"wp:attachment":[{"href":"https:\/\/www.cognacathle.com\/index.php?rest_route=%2Fwp%2Fv2%2Fmedia&parent=37"}],"curies":[{"name":"wp","href":"https:\/\/api.w.org\/{rel}","templated":true}]}}