{"id":39,"date":"2025-06-24T15:58:05","date_gmt":"2025-06-24T13:58:05","guid":{"rendered":"https:\/\/www.cognacathle.com\/?page_id=39"},"modified":"2026-03-30T15:39:07","modified_gmt":"2026-03-30T13:39:07","slug":"entrainements","status":"publish","type":"page","link":"https:\/\/www.cognacathle.com\/?page_id=39","title":{"rendered":"Entra\u00eenements"},"content":{"rendered":"\n<h2 class=\"wp-block-heading\"><mark style=\"background-color:rgba(0, 0, 0, 0);color:#ff0202\" class=\"has-inline-color\">Les jours et horaires des entrainements !<\/mark><\/h2>\n\n\n\n<section class=\"wp-block-group alignfull has-text-color has-global-padding is-layout-constrained wp-container-core-group-is-layout-4252d6ba wp-block-group-is-layout-constrained\" style=\"color:#03081e;margin-top:0px;padding-top:6.51rem;padding-right:1rem;padding-bottom:5.5rem;padding-left:1rem;font-size:clamp(0.875rem, 0.875rem + ((1vw - 0.2rem) * 0.464), 1.13rem);font-style:normal;font-weight:400;line-height:1.4\">\n<div class=\"wp-block-columns is-layout-flex wp-container-core-columns-is-layout-db2df21c wp-block-columns-is-layout-flex\" style=\"margin-bottom:0px\">\n<div class=\"wp-block-column has-global-padding is-content-justification-left is-layout-constrained wp-container-core-column-is-layout-12dd3699 wp-block-column-is-layout-constrained\" style=\"flex-basis:45%\">\n<figure class=\"wp-block-image aligncenter size-full is-resized\"><img loading=\"lazy\" decoding=\"async\" width=\"781\" height=\"574\" src=\"https:\/\/www.cognacathle.com\/wp-content\/uploads\/2025\/07\/PHOTO-2025-04-13-12-36-28.jpg\" alt=\"\" class=\"wp-image-134\" style=\"width:446px\" srcset=\"https:\/\/www.cognacathle.com\/wp-content\/uploads\/2025\/07\/PHOTO-2025-04-13-12-36-28.jpg 781w, https:\/\/www.cognacathle.com\/wp-content\/uploads\/2025\/07\/PHOTO-2025-04-13-12-36-28-300x220.jpg 300w, https:\/\/www.cognacathle.com\/wp-content\/uploads\/2025\/07\/PHOTO-2025-04-13-12-36-28-768x564.jpg 768w\" sizes=\"auto, (max-width: 781px) 100vw, 781px\" \/><\/figure>\n<\/div>\n\n\n\n<div class=\"wp-block-column is-layout-flow wp-block-column-is-layout-flow\">\n<div class=\"wp-block-group is-vertical is-content-justification-left is-layout-flex wp-container-core-group-is-layout-c5d44cae wp-block-group-is-layout-flex\" style=\"min-height:100%\">\n<div class=\"wp-block-group has-global-padding is-content-justification-center is-layout-constrained wp-container-core-group-is-layout-b15c80d6 wp-block-group-is-layout-constrained\">\n<h3 class=\"wp-block-heading has-text-align-left has-text-color\" style=\"color:#07277c;margin-top:0.5rem;margin-bottom:1.01rem;font-size:clamp(1.556rem, 1.556rem + ((1vw - 0.2rem) * 1.916), 2.61rem);font-style:normal;font-weight:500;letter-spacing:0px;line-height:1.3;text-transform:capitalize\">BABY ATHL\u00c9<\/h3>\n\n\n\n<p class=\"has-text-align-left has-text-color\" style=\"color:#03081e;margin-top:0rem;font-size:clamp(0.875rem, 0.875rem + ((1vw - 0.2rem) * 0.609), 1.21rem);font-style:normal;font-weight:400;line-height:1.6\"><strong>Baby \u2013 n\u00e9\u00e9s en 2020 . 2021 . 2022 :<\/strong><\/p>\n\n\n\n<p class=\"has-text-align-left has-text-color\" style=\"color:#03081e;margin-top:0rem;font-size:clamp(0.875rem, 0.875rem + ((1vw - 0.2rem) * 0.609), 1.21rem);font-style:normal;font-weight:400;line-height:1.6\"><br>Les entrainements se font le : <\/p>\n\n\n\n<ul class=\"wp-block-list\">\n<li>samedi de 11h \u00e0 12h.<\/li>\n<\/ul>\n<\/div>\n<\/div>\n<\/div>\n<\/div>\n<\/section>\n\n\n\n<section class=\"wp-block-group alignfull has-text-color has-global-padding is-layout-constrained wp-container-core-group-is-layout-4252d6ba wp-block-group-is-layout-constrained\" style=\"color:#03081e;margin-top:0px;padding-top:6.51rem;padding-right:1rem;padding-bottom:5.5rem;padding-left:1rem;font-size:clamp(0.875rem, 0.875rem + ((1vw - 0.2rem) * 0.464), 1.13rem);font-style:normal;font-weight:400;line-height:1.4\">\n<div class=\"wp-block-columns is-layout-flex wp-container-core-columns-is-layout-db2df21c wp-block-columns-is-layout-flex\" style=\"margin-bottom:0px\">\n<div class=\"wp-block-column has-global-padding is-content-justification-left is-layout-constrained wp-container-core-column-is-layout-12dd3699 wp-block-column-is-layout-constrained\" style=\"flex-basis:45%\">\n<h2 class=\"wp-block-heading\">Ecole athl\u00e9tisme EVEILS et POUSSINS<\/h2>\n\n\n\n<p>Les entrainements se font le :<\/p>\n\n\n\n<ul class=\"wp-block-list\">\n<li>mardi de 17h30 a 18h30 et le mercredi de 16h a 17h30.<\/li>\n<\/ul>\n\n\n\n<p>2017 \u00e0 2019 : eveil<\/p>\n\n\n\n<p>2015 et 2016 :  poussin<\/p>\n<\/div>\n\n\n\n<div class=\"wp-block-column is-layout-flow wp-block-column-is-layout-flow\">\n<div class=\"wp-block-group is-vertical is-content-justification-left is-layout-flex wp-container-core-group-is-layout-c5d44cae wp-block-group-is-layout-flex\" style=\"min-height:100%\">\n<figure class=\"wp-block-image aligncenter size-full is-resized\"><img loading=\"lazy\" decoding=\"async\" width=\"2560\" height=\"1920\" src=\"https:\/\/www.cognacathle.com\/wp-content\/uploads\/2025\/06\/IMG_7210-scaled.jpeg\" alt=\"\" class=\"wp-image-53\" style=\"width:446px\" srcset=\"https:\/\/www.cognacathle.com\/wp-content\/uploads\/2025\/06\/IMG_7210-scaled.jpeg 2560w, https:\/\/www.cognacathle.com\/wp-content\/uploads\/2025\/06\/IMG_7210-300x225.jpeg 300w, https:\/\/www.cognacathle.com\/wp-content\/uploads\/2025\/06\/IMG_7210-1024x768.jpeg 1024w, https:\/\/www.cognacathle.com\/wp-content\/uploads\/2025\/06\/IMG_7210-768x576.jpeg 768w, https:\/\/www.cognacathle.com\/wp-content\/uploads\/2025\/06\/IMG_7210-1536x1152.jpeg 1536w, https:\/\/www.cognacathle.com\/wp-content\/uploads\/2025\/06\/IMG_7210-2048x1536.jpeg 2048w\" sizes=\"auto, (max-width: 2560px) 100vw, 2560px\" \/><\/figure>\n\n\n\n<div class=\"wp-block-group has-global-padding is-content-justification-center is-layout-constrained wp-container-core-group-is-layout-b15c80d6 wp-block-group-is-layout-constrained\">\n<p class=\"has-text-align-left has-text-color\" style=\"color:#03081e;margin-top:0rem;font-size:clamp(0.875rem, 0.875rem + ((1vw - 0.2rem) * 0.609), 1.21rem);font-style:normal;font-weight:400;line-height:1.6\"><br><\/p>\n<\/div>\n<\/div>\n<\/div>\n<\/div>\n<\/section>\n\n\n\n<section class=\"wp-block-group alignfull has-text-color has-global-padding is-layout-constrained wp-container-core-group-is-layout-4252d6ba wp-block-group-is-layout-constrained\" style=\"color:#03081e;margin-top:0px;padding-top:6.51rem;padding-right:1rem;padding-bottom:5.5rem;padding-left:1rem;font-size:clamp(0.875rem, 0.875rem + ((1vw - 0.2rem) * 0.464), 1.13rem);font-style:normal;font-weight:400;line-height:1.4\">\n<div class=\"wp-block-columns is-layout-flex wp-container-core-columns-is-layout-db2df21c wp-block-columns-is-layout-flex\" style=\"margin-bottom:0px\">\n<div class=\"wp-block-column has-global-padding is-content-justification-left is-layout-constrained wp-container-core-column-is-layout-12dd3699 wp-block-column-is-layout-constrained\" style=\"flex-basis:45%\">\n<figure class=\"wp-block-image aligncenter size-full is-resized\"><img loading=\"lazy\" decoding=\"async\" width=\"2560\" height=\"1707\" src=\"https:\/\/www.cognacathle.com\/wp-content\/uploads\/2025\/06\/54433746510_5d3cab88ef_o-scaled.jpg\" alt=\"\" class=\"wp-image-63\" style=\"width:446px\" srcset=\"https:\/\/www.cognacathle.com\/wp-content\/uploads\/2025\/06\/54433746510_5d3cab88ef_o-scaled.jpg 2560w, https:\/\/www.cognacathle.com\/wp-content\/uploads\/2025\/06\/54433746510_5d3cab88ef_o-300x200.jpg 300w, https:\/\/www.cognacathle.com\/wp-content\/uploads\/2025\/06\/54433746510_5d3cab88ef_o-1024x683.jpg 1024w, https:\/\/www.cognacathle.com\/wp-content\/uploads\/2025\/06\/54433746510_5d3cab88ef_o-768x512.jpg 768w, https:\/\/www.cognacathle.com\/wp-content\/uploads\/2025\/06\/54433746510_5d3cab88ef_o-1536x1024.jpg 1536w, https:\/\/www.cognacathle.com\/wp-content\/uploads\/2025\/06\/54433746510_5d3cab88ef_o-2048x1365.jpg 2048w\" sizes=\"auto, (max-width: 2560px) 100vw, 2560px\" \/><\/figure>\n<\/div>\n\n\n\n<div class=\"wp-block-column is-layout-flow wp-block-column-is-layout-flow\">\n<div class=\"wp-block-group is-vertical is-content-justification-left is-layout-flex wp-container-core-group-is-layout-c5d44cae wp-block-group-is-layout-flex\" style=\"min-height:100%\">\n<div class=\"wp-block-group has-global-padding is-content-justification-center is-layout-constrained wp-container-core-group-is-layout-b15c80d6 wp-block-group-is-layout-constrained\">\n<h3 class=\"wp-block-heading has-text-align-left has-text-color\" style=\"color:#07277c;margin-top:0.5rem;margin-bottom:1.01rem;font-size:clamp(1.556rem, 1.556rem + ((1vw - 0.2rem) * 1.916), 2.61rem);font-style:normal;font-weight:500;letter-spacing:0px;line-height:1.3;text-transform:capitalize\"><mark style=\"background-color:rgba(0, 0, 0, 0);color:#d53636\" class=\"has-inline-color\">Groupe d\u00e9couverte<\/mark><\/h3>\n\n\n\n<p class=\"has-text-align-left has-text-color\" style=\"color:#03081e;margin-top:0rem;font-size:clamp(0.875rem, 0.875rem + ((1vw - 0.2rem) * 0.609), 1.21rem);font-style:normal;font-weight:400;line-height:1.6\">Les entrainements se font le :<\/p>\n\n\n\n<ul class=\"wp-block-list\">\n<li> lundi et vendredi de 18h15 \u00e0 20h<\/li>\n<\/ul>\n\n\n\n<p>\u00e2ge : 2013 et plus<\/p>\n<\/div>\n<\/div>\n\n\n\n<p><\/p>\n<\/div>\n<\/div>\n\n\n\n<p><\/p>\n<\/section>\n\n\n\n<section class=\"wp-block-group alignfull has-text-color has-global-padding is-layout-constrained wp-container-core-group-is-layout-4252d6ba wp-block-group-is-layout-constrained\" style=\"color:#03081e;margin-top:0px;padding-top:6.51rem;padding-right:1rem;padding-bottom:5.5rem;padding-left:1rem;font-size:clamp(0.875rem, 0.875rem + ((1vw - 0.2rem) * 0.464), 1.13rem);font-style:normal;font-weight:400;line-height:1.4\">\n<div class=\"wp-block-columns is-layout-flex wp-container-core-columns-is-layout-db2df21c wp-block-columns-is-layout-flex\" style=\"margin-bottom:0px\">\n<div class=\"wp-block-column has-global-padding is-content-justification-left is-layout-constrained wp-container-core-column-is-layout-12dd3699 wp-block-column-is-layout-constrained\" style=\"flex-basis:45%\">\n<figure class=\"wp-block-image aligncenter size-full is-resized\"><img loading=\"lazy\" decoding=\"async\" width=\"1600\" height=\"1200\" src=\"https:\/\/www.cognacathle.com\/wp-content\/uploads\/2025\/06\/cae86a90-7d20-4bff-a93d-e038d48f50e3.jpeg\" alt=\"\" class=\"wp-image-55\" style=\"width:446px\" srcset=\"https:\/\/www.cognacathle.com\/wp-content\/uploads\/2025\/06\/cae86a90-7d20-4bff-a93d-e038d48f50e3.jpeg 1600w, https:\/\/www.cognacathle.com\/wp-content\/uploads\/2025\/06\/cae86a90-7d20-4bff-a93d-e038d48f50e3-300x225.jpeg 300w, https:\/\/www.cognacathle.com\/wp-content\/uploads\/2025\/06\/cae86a90-7d20-4bff-a93d-e038d48f50e3-1024x768.jpeg 1024w, https:\/\/www.cognacathle.com\/wp-content\/uploads\/2025\/06\/cae86a90-7d20-4bff-a93d-e038d48f50e3-768x576.jpeg 768w, https:\/\/www.cognacathle.com\/wp-content\/uploads\/2025\/06\/cae86a90-7d20-4bff-a93d-e038d48f50e3-1536x1152.jpeg 1536w\" sizes=\"auto, (max-width: 1600px) 100vw, 1600px\" \/><\/figure>\n<\/div>\n\n\n\n<div class=\"wp-block-column is-layout-flow wp-block-column-is-layout-flow\">\n<div class=\"wp-block-group is-vertical is-content-justification-left is-layout-flex wp-container-core-group-is-layout-c5d44cae wp-block-group-is-layout-flex\" style=\"min-height:100%\">\n<div class=\"wp-block-group has-global-padding is-content-justification-center is-layout-constrained wp-container-core-group-is-layout-b15c80d6 wp-block-group-is-layout-constrained\">\n<h3 class=\"wp-block-heading has-text-align-left has-text-color\" style=\"color:#07277c;margin-top:0.5rem;margin-bottom:1.01rem;font-size:clamp(1.556rem, 1.556rem + ((1vw - 0.2rem) * 1.916), 2.61rem);font-style:normal;font-weight:500;letter-spacing:0px;line-height:1.3;text-transform:capitalize\">Groupe comp\u00e9tition :<\/h3>\n\n\n\n<p class=\"has-text-align-left has-text-color\" style=\"color:#03081e;margin-top:0rem;font-size:clamp(0.875rem, 0.875rem + ((1vw - 0.2rem) * 0.609), 1.21rem);font-style:normal;font-weight:400;line-height:1.6\">sprint, saut, lancers, demifond, toute les disciplines pour performer<\/p>\n\n\n\n<p>\u00e2ge : 2011 et plus<\/p>\n<\/div>\n\n\n\n<ul class=\"wp-block-list\">\n<li>LundiI 18h15\/20h<\/li>\n\n\n\n<li>Mercredi 18h15\/20h<\/li>\n\n\n\n<li>Jeudi 18h15\/20h<\/li>\n\n\n\n<li>Vendredi 18h15\/20h<\/li>\n<\/ul>\n\n\n\n<p><\/p>\n<\/div>\n\n\n\n<p><\/p>\n<\/div>\n<\/div>\n\n\n\n<p><\/p>\n<\/section>\n\n\n\n<section class=\"wp-block-group alignfull has-text-color has-global-padding is-layout-constrained wp-container-core-group-is-layout-4252d6ba wp-block-group-is-layout-constrained\" style=\"color:#03081e;margin-top:0px;padding-top:6.51rem;padding-right:1rem;padding-bottom:5.5rem;padding-left:1rem;font-size:clamp(0.875rem, 0.875rem + ((1vw - 0.2rem) * 0.464), 1.13rem);font-style:normal;font-weight:400;line-height:1.4\">\n<section class=\"wp-block-group alignfull has-text-color has-global-padding is-layout-constrained wp-container-core-group-is-layout-4252d6ba wp-block-group-is-layout-constrained\" style=\"color:#03081e;margin-top:0px;padding-top:6.51rem;padding-right:1rem;padding-bottom:5.5rem;padding-left:1rem;font-size:clamp(0.875rem, 0.875rem + ((1vw - 0.2rem) * 0.464), 1.13rem);font-style:normal;font-weight:400;line-height:1.4\">\n<div class=\"wp-block-columns is-layout-flex wp-container-core-columns-is-layout-db2df21c wp-block-columns-is-layout-flex\" style=\"margin-bottom:0px\">\n<div class=\"wp-block-column has-global-padding is-content-justification-left is-layout-constrained wp-container-core-column-is-layout-12dd3699 wp-block-column-is-layout-constrained\" style=\"flex-basis:45%\">\n<h2 class=\"wp-block-heading\">SPRINT <\/h2>\n\n\n\n<p>Les entrainements se font le :<\/p>\n\n\n\n<ul class=\"wp-block-list\">\n<li>Lundi de 18h30 \u00e0 20h<\/li>\n\n\n\n<li>Mercredi de 18h \u00e0 20h<\/li>\n\n\n\n<li>Vendredi de 18h15 \u00e0 20h<\/li>\n<\/ul>\n\n\n\n<p>groupe confirm\u00e9 !<\/p>\n<\/div>\n\n\n\n<div class=\"wp-block-column is-layout-flow wp-block-column-is-layout-flow\">\n<div class=\"wp-block-group is-vertical is-content-justification-left is-layout-flex wp-container-core-group-is-layout-c5d44cae wp-block-group-is-layout-flex\" style=\"min-height:100%\">\n<figure class=\"wp-block-image aligncenter size-full is-resized\"><img loading=\"lazy\" decoding=\"async\" width=\"752\" height=\"632\" src=\"https:\/\/www.cognacathle.com\/wp-content\/uploads\/2025\/07\/Capture-decran-2025-07-29-a-15.48.29.png\" alt=\"\" class=\"wp-image-120\" style=\"width:446px\" srcset=\"https:\/\/www.cognacathle.com\/wp-content\/uploads\/2025\/07\/Capture-decran-2025-07-29-a-15.48.29.png 752w, https:\/\/www.cognacathle.com\/wp-content\/uploads\/2025\/07\/Capture-decran-2025-07-29-a-15.48.29-300x252.png 300w\" sizes=\"auto, (max-width: 752px) 100vw, 752px\" \/><\/figure>\n\n\n\n<div class=\"wp-block-group has-global-padding is-content-justification-center is-layout-constrained wp-container-core-group-is-layout-b15c80d6 wp-block-group-is-layout-constrained\">\n<p class=\"has-text-align-left has-text-color\" style=\"color:#03081e;margin-top:0rem;font-size:clamp(0.875rem, 0.875rem + ((1vw - 0.2rem) * 0.609), 1.21rem);font-style:normal;font-weight:400;line-height:1.6\"><br><\/p>\n<\/div>\n<\/div>\n<\/div>\n<\/div>\n<\/section>\n\n\n\n<div class=\"wp-block-columns is-layout-flex wp-container-core-columns-is-layout-db2df21c wp-block-columns-is-layout-flex\" style=\"margin-bottom:0px\">\n<div class=\"wp-block-column has-global-padding is-content-justification-left is-layout-constrained wp-container-core-column-is-layout-12dd3699 wp-block-column-is-layout-constrained\" style=\"flex-basis:45%\">\n<figure class=\"wp-block-image aligncenter size-full is-resized\"><img loading=\"lazy\" decoding=\"async\" width=\"1170\" height=\"1491\" src=\"https:\/\/www.cognacathle.com\/wp-content\/uploads\/2025\/06\/IMG_7216.jpeg\" alt=\"\" class=\"wp-image-61\" style=\"width:446px\" srcset=\"https:\/\/www.cognacathle.com\/wp-content\/uploads\/2025\/06\/IMG_7216.jpeg 1170w, https:\/\/www.cognacathle.com\/wp-content\/uploads\/2025\/06\/IMG_7216-235x300.jpeg 235w, https:\/\/www.cognacathle.com\/wp-content\/uploads\/2025\/06\/IMG_7216-804x1024.jpeg 804w, https:\/\/www.cognacathle.com\/wp-content\/uploads\/2025\/06\/IMG_7216-768x979.jpeg 768w\" sizes=\"auto, (max-width: 1170px) 100vw, 1170px\" \/><\/figure>\n<\/div>\n\n\n\n<div class=\"wp-block-column is-layout-flow wp-block-column-is-layout-flow\">\n<div class=\"wp-block-group is-vertical is-content-justification-left is-layout-flex wp-container-core-group-is-layout-c5d44cae wp-block-group-is-layout-flex\" style=\"min-height:100%\">\n<div class=\"wp-block-group has-global-padding is-content-justification-center is-layout-constrained wp-container-core-group-is-layout-b15c80d6 wp-block-group-is-layout-constrained\">\n<h3 class=\"wp-block-heading has-text-align-left has-text-color\" style=\"color:#07277c;margin-top:0.5rem;margin-bottom:1.01rem;font-size:clamp(1.556rem, 1.556rem + ((1vw - 0.2rem) * 1.916), 2.61rem);font-style:normal;font-weight:500;letter-spacing:0px;line-height:1.3;text-transform:capitalize\"><mark style=\"background-color:rgba(0, 0, 0, 0);color:#a80a0a\" class=\"has-inline-color\">Running Comp\u00e9tition \/ Trail<\/mark><\/h3>\n\n\n\n<p class=\"has-text-align-left has-text-color\" style=\"color:#03081e;margin-top:0rem;font-size:clamp(0.875rem, 0.875rem + ((1vw - 0.2rem) * 0.609), 1.21rem);font-style:normal;font-weight:400;line-height:1.6\">Les entrainements se font le :<\/p>\n\n\n\n<ul class=\"wp-block-list\">\n<li>Mardi de 18h30 \u00e0 20h<\/li>\n\n\n\n<li>Jeudi de 18h30 \u00e0 20h<\/li>\n\n\n\n<li>Dimanche de 10h \u00e0 12h <\/li>\n<\/ul>\n\n\n\n<p><\/p>\n<\/div>\n<\/div>\n\n\n\n<p><\/p>\n<\/div>\n<\/div>\n<\/section>\n\n\n\n<section class=\"wp-block-group alignfull has-text-color has-global-padding is-layout-constrained wp-container-core-group-is-layout-4252d6ba wp-block-group-is-layout-constrained\" style=\"color:#03081e;margin-top:0px;padding-top:6.51rem;padding-right:1rem;padding-bottom:5.5rem;padding-left:1rem;font-size:clamp(0.875rem, 0.875rem + ((1vw - 0.2rem) * 0.464), 1.13rem);font-style:normal;font-weight:400;line-height:1.4\">\n<div class=\"wp-block-columns is-layout-flex wp-container-core-columns-is-layout-db2df21c wp-block-columns-is-layout-flex\" style=\"margin-bottom:0px\">\n<div class=\"wp-block-column has-global-padding is-content-justification-left is-layout-constrained wp-container-core-column-is-layout-12dd3699 wp-block-column-is-layout-constrained\" style=\"flex-basis:45%\">\n<h2 class=\"wp-block-heading\">MARCHE NORDIQUE<br><\/h2>\n\n\n\n<p>Les entrainements se font le :<\/p>\n\n\n\n<figure class=\"wp-block-image size-large\"><img loading=\"lazy\" decoding=\"async\" width=\"683\" height=\"1024\" src=\"https:\/\/www.cognacathle.com\/wp-content\/uploads\/2026\/03\/Programme-marche-nordique-avril-2026-683x1024.png\" alt=\"\" class=\"wp-image-418\" srcset=\"https:\/\/www.cognacathle.com\/wp-content\/uploads\/2026\/03\/Programme-marche-nordique-avril-2026-683x1024.png 683w, https:\/\/www.cognacathle.com\/wp-content\/uploads\/2026\/03\/Programme-marche-nordique-avril-2026-200x300.png 200w, https:\/\/www.cognacathle.com\/wp-content\/uploads\/2026\/03\/Programme-marche-nordique-avril-2026-768x1152.png 768w, https:\/\/www.cognacathle.com\/wp-content\/uploads\/2026\/03\/Programme-marche-nordique-avril-2026.png 1024w\" sizes=\"auto, (max-width: 683px) 100vw, 683px\" \/><\/figure>\n<\/div>\n\n\n\n<div class=\"wp-block-column is-layout-flow wp-block-column-is-layout-flow\">\n<div class=\"wp-block-group is-vertical is-content-justification-left is-layout-flex wp-container-core-group-is-layout-c5d44cae wp-block-group-is-layout-flex\" style=\"min-height:100%\">\n<div class=\"wp-block-group has-global-padding is-content-justification-center is-layout-constrained wp-container-core-group-is-layout-b15c80d6 wp-block-group-is-layout-constrained\">\n<p class=\"has-text-align-left has-text-color\" style=\"color:#03081e;margin-top:0rem;font-size:clamp(0.875rem, 0.875rem + ((1vw - 0.2rem) * 0.609), 1.21rem);font-style:normal;font-weight:400;line-height:1.6\"><br><\/p>\n<\/div>\n\n\n\n<figure class=\"wp-block-image size-large\"><img loading=\"lazy\" decoding=\"async\" width=\"1024\" height=\"780\" src=\"https:\/\/www.cognacathle.com\/wp-content\/uploads\/2025\/09\/Capture-decran-2025-09-03-a-16.55.55-1024x780.png\" alt=\"\" class=\"wp-image-238\" srcset=\"https:\/\/www.cognacathle.com\/wp-content\/uploads\/2025\/09\/Capture-decran-2025-09-03-a-16.55.55-1024x780.png 1024w, https:\/\/www.cognacathle.com\/wp-content\/uploads\/2025\/09\/Capture-decran-2025-09-03-a-16.55.55-300x228.png 300w, https:\/\/www.cognacathle.com\/wp-content\/uploads\/2025\/09\/Capture-decran-2025-09-03-a-16.55.55-768x585.png 768w, https:\/\/www.cognacathle.com\/wp-content\/uploads\/2025\/09\/Capture-decran-2025-09-03-a-16.55.55.png 1460w\" sizes=\"auto, (max-width: 1024px) 100vw, 1024px\" \/><\/figure>\n<\/div>\n<\/div>\n<\/div>\n<\/section>\n\n\n\n<p><\/p>\n\n\n\n<p><\/p>\n","protected":false},"excerpt":{"rendered":"<p>Les jours et horaires des entrainements ! BABY ATHL\u00c9 Baby \u2013 n\u00e9\u00e9s en 2020 . 2021 . 2022 : Les entrainements se font le : Ecole athl\u00e9tisme EVEILS et POUSSINS Les entrainements se font le : 2017 \u00e0 2019 : eveil 2015 et 2016 : poussin Groupe d\u00e9couverte Les entrainements se font le : \u00e2ge [&hellip;]<\/p>\n","protected":false},"author":1,"featured_media":0,"parent":0,"menu_order":0,"comment_status":"closed","ping_status":"closed","template":"","meta":{"_eb_attr":"","footnotes":""},"class_list":["post-39","page","type-page","status-publish","hentry"],"_links":{"self":[{"href":"https:\/\/www.cognacathle.com\/index.php?rest_route=\/wp\/v2\/pages\/39","targetHints":{"allow":["GET"]}}],"collection":[{"href":"https:\/\/www.cognacathle.com\/index.php?rest_route=\/wp\/v2\/pages"}],"about":[{"href":"https:\/\/www.cognacathle.com\/index.php?rest_route=\/wp\/v2\/types\/page"}],"author":[{"embeddable":true,"href":"https:\/\/www.cognacathle.com\/index.php?rest_route=\/wp\/v2\/users\/1"}],"replies":[{"embeddable":true,"href":"https:\/\/www.cognacathle.com\/index.php?rest_route=%2Fwp%2Fv2%2Fcomments&post=39"}],"version-history":[{"count":17,"href":"https:\/\/www.cognacathle.com\/index.php?rest_route=\/wp\/v2\/pages\/39\/revisions"}],"predecessor-version":[{"id":420,"href":"https:\/\/www.cognacathle.com\/index.php?rest_route=\/wp\/v2\/pages\/39\/revisions\/420"}],"wp:attachment":[{"href":"https:\/\/www.cognacathle.com\/index.php?rest_route=%2Fwp%2Fv2%2Fmedia&parent=39"}],"curies":[{"name":"wp","href":"https:\/\/api.w.org\/{rel}","templated":true}]}}